{"id":11550,"date":"2023-08-28T09:44:32","date_gmt":"2023-08-28T09:44:32","guid":{"rendered":"https:\/\/chasaeditura.ch\/?page_id=11550"},"modified":"2023-09-01T09:48:24","modified_gmt":"2023-09-01T09:48:24","slug":"datenschutzerklaerung","status":"publish","type":"page","link":"https:\/\/chasaeditura.ch\/de\/datenschutzerklaerung\/","title":{"rendered":"Datenschutzerkl\u00e4rung"},"content":{"rendered":"<div id=\"modal-ready\">\r\n\r\n\r\n<p><strong>Gesamtverantwortung<\/strong><br \/>Chasa Editura Rumantscha GmbH<br \/>Obere Plessurstrasse 47<br \/>CH-7001 Chur<br \/>Telefon +41(0)81 250 40 46<br \/><a href=\"mailto:info@chasaeditura.ch\">info@chasaeditura.ch<\/a><\/p>\r\n<p><strong>Speicherung und L\u00f6schung<\/strong><br \/>Daten, die Sie uns senden, werden von uns ausschliesslich f\u00fcr ihre Zweckbestimmung verwendet und ohne Ihre Genehmigung nicht an Dritte weitergeleitet.<br \/>Mit der \u00dcbermittlung der Daten erkl\u00e4ren Sie sich einverstanden, dass wir die Daten bei uns speichern und verarbeiten, bis Sie Ihre Einwilligung zur Speicherung widerrufen oder bis die Speicherung der Daten f\u00fcr die Zweckbestimmung nicht mehr erforderlich ist und der L\u00f6schung keine gesetzlichen Aufbewahrungspflichten entgegenstehen.<\/p>\r\n<p><strong>Social Media <\/strong><br \/>Wir unterhalten Onlinepr\u00e4senzen innerhalb sozialer Netzwerke und Plattformen, um mit den dort aktiven Kunden, Interessenten und Nutzern zu kommunizieren und sie \u00fcber unsere Leistungen informieren zu k\u00f6nnen. Beim Aufruf dieser Netzwerke und Plattformen gelten die Gesch\u00e4ftsbedingungen und die Datenverarbeitungsrichtlinien der jeweiligen Betreiber.<\/p>\r\n<p><strong>Eingebettete Inhalte<\/strong><br \/>Beitr\u00e4ge auf dieser Website k\u00f6nnen eingebettete Inhalte beinhalten (z. B. Videos, Bilder, Beitr\u00e4ge etc.). Eingebettete Inhalte von anderen Websites verhalten sich exakt so, als ob der Besucher die andere Website besucht h\u00e4tte. F\u00fcr den Inhalt von verlinkten Seiten wird jegliche Verantwortung explizit zur\u00fcckgewiesen.<\/p><\/div>","protected":false},"excerpt":{"rendered":"<p>GesamtverantwortungChasa Editura Rumantscha GmbHObere Plessurstrasse 47CH-7001 ChurTelefon +41(0)81 250 40 46info@chasaeditura.ch Speicherung und L\u00f6schungDaten, die Sie uns senden, werden von uns ausschliesslich f\u00fcr ihre Zweckbestimmung verwendet und ohne Ihre Genehmigung nicht an Dritte weitergeleitet.Mit der \u00dcbermittlung der Daten erkl\u00e4ren Sie sich einverstanden, dass wir die Daten bei uns speichern und verarbeiten, bis Sie Ihre Einwilligung [&hellip;]<\/p>\n","protected":false},"author":1,"featured_media":0,"parent":0,"menu_order":6,"comment_status":"closed","ping_status":"closed","template":"","meta":{"_acf_changed":false,"inline_featured_image":false,"footnotes":""},"class_list":["post-11550","page","type-page","status-publish","hentry"],"acf":[],"_links":{"self":[{"href":"https:\/\/chasaeditura.ch\/de\/wp-json\/wp\/v2\/pages\/11550","targetHints":{"allow":["GET"]}}],"collection":[{"href":"https:\/\/chasaeditura.ch\/de\/wp-json\/wp\/v2\/pages"}],"about":[{"href":"https:\/\/chasaeditura.ch\/de\/wp-json\/wp\/v2\/types\/page"}],"author":[{"embeddable":true,"href":"https:\/\/chasaeditura.ch\/de\/wp-json\/wp\/v2\/users\/1"}],"replies":[{"embeddable":true,"href":"https:\/\/chasaeditura.ch\/de\/wp-json\/wp\/v2\/comments?post=11550"}],"version-history":[{"count":5,"href":"https:\/\/chasaeditura.ch\/de\/wp-json\/wp\/v2\/pages\/11550\/revisions"}],"predecessor-version":[{"id":11573,"href":"https:\/\/chasaeditura.ch\/de\/wp-json\/wp\/v2\/pages\/11550\/revisions\/11573"}],"wp:attachment":[{"href":"https:\/\/chasaeditura.ch\/de\/wp-json\/wp\/v2\/media?parent=11550"}],"curies":[{"name":"wp","href":"https:\/\/api.w.org\/{rel}","templated":true}]}}