{"id":60,"date":"2013-08-11T15:33:13","date_gmt":"2013-08-11T15:33:13","guid":{"rendered":"https:\/\/chasaeditura.ch\/?page_id=60"},"modified":"2025-11-19T19:59:57","modified_gmt":"2025-11-19T19:59:57","slug":"impressum-d","status":"publish","type":"page","link":"https:\/\/chasaeditura.ch\/de\/impressum-d\/","title":{"rendered":"Impressum"},"content":{"rendered":"<div id=\"modal-ready\"><p><strong>Urheberin<br \/>\n<\/strong>Chasa Editura Rumantscha GmbH<br \/>\nObere Plessurstrasse 47<br \/>\nCH-7001 Chur<br \/>\nTelefon +41(0)81 250 40 46<br \/>\n<a href=\"mailto:info@chasaeditura.ch\">info@chasaeditura.ch<\/a><\/p>\n<p>\u00a9 Chasa Editura Rumantscha<br \/>\nS\u00e4mtliche Texte und Illustrationen dieser Webseite sind durch das Urheberrecht gesch\u00fctzt und d\u00fcrfen nur gesetzeskonform verwendet werden. Die kommerzielle Nutzung ohne Vereinbarung ist untersagt.<\/p>\n<p><strong>Fotografien<br \/>\n<\/strong>Chasa Editura Rumantscha<br \/>\nYvonne B\u00f6hler<br \/>\nMatthias Kunfermann<br \/>\nCaroline Staeger<br \/>\nBarbara Truog<\/p>\n<p><strong>Grafische und technische Umsetzung<br \/>\n<\/strong>Creaziun e concepziun: Spescha Visual Design<br \/>\nRealisaziun tecnica: <a title=\"ouwan.ch\" href=\"http:\/\/ouwan.ch\" target=\"_blank\" rel=\"noopener\">ouwan gmbh<\/a><\/p>\n<\/div>","protected":false},"excerpt":{"rendered":"<p>Urheberin Chasa Editura Rumantscha GmbH Obere Plessurstrasse 47 CH-7001 Chur Telefon +41(0)81 250 40 46 info@chasaeditura.ch \u00a9 Chasa Editura Rumantscha S\u00e4mtliche Texte und Illustrationen dieser Webseite sind durch das Urheberrecht gesch\u00fctzt und d\u00fcrfen nur gesetzeskonform verwendet werden. Die kommerzielle Nutzung ohne Vereinbarung ist untersagt. Fotografien Chasa Editura Rumantscha Yvonne B\u00f6hler Matthias Kunfermann Caroline Staeger Barbara [&hellip;]<\/p>\n","protected":false},"author":1,"featured_media":0,"parent":0,"menu_order":49,"comment_status":"closed","ping_status":"closed","template":"","meta":{"_acf_changed":false,"inline_featured_image":false,"footnotes":""},"class_list":["post-60","page","type-page","status-publish","hentry"],"acf":[],"_links":{"self":[{"href":"https:\/\/chasaeditura.ch\/de\/wp-json\/wp\/v2\/pages\/60","targetHints":{"allow":["GET"]}}],"collection":[{"href":"https:\/\/chasaeditura.ch\/de\/wp-json\/wp\/v2\/pages"}],"about":[{"href":"https:\/\/chasaeditura.ch\/de\/wp-json\/wp\/v2\/types\/page"}],"author":[{"embeddable":true,"href":"https:\/\/chasaeditura.ch\/de\/wp-json\/wp\/v2\/users\/1"}],"replies":[{"embeddable":true,"href":"https:\/\/chasaeditura.ch\/de\/wp-json\/wp\/v2\/comments?post=60"}],"version-history":[{"count":21,"href":"https:\/\/chasaeditura.ch\/de\/wp-json\/wp\/v2\/pages\/60\/revisions"}],"predecessor-version":[{"id":14088,"href":"https:\/\/chasaeditura.ch\/de\/wp-json\/wp\/v2\/pages\/60\/revisions\/14088"}],"wp:attachment":[{"href":"https:\/\/chasaeditura.ch\/de\/wp-json\/wp\/v2\/media?parent=60"}],"curies":[{"name":"wp","href":"https:\/\/api.w.org\/{rel}","templated":true}]}}