{"id":7703,"date":"2021-10-22T14:02:30","date_gmt":"2021-10-22T14:02:30","guid":{"rendered":"https:\/\/chasaeditura.ch\/?page_id=7703"},"modified":"2022-03-01T13:54:32","modified_gmt":"2022-03-01T13:54:32","slug":"newsletter-2","status":"publish","type":"page","link":"https:\/\/chasaeditura.ch\/de\/newsletter-2\/","title":{"rendered":"Newsletter"},"content":{"rendered":"<div id=\"modal-ready\"><p>M\u00f6chten Sie gerne \u00fcber unsere neuen Publikationen auf dem Laufenden bleiben?<\/p>\n<div class=\"tnp tnp-subscription\">\n<form action=\"https:\/\/chasaeditura.ch\/\/all\/?na=s\" method=\"post\"><input name=\"nlang\" type=\"hidden\" value=\"\" \/><\/p>\n<div class=\"tnp-field tnp-field-firstname\"><label>Vorname Name*:<\/label><input class=\"tnp-firstname\" name=\"nn\" required=\"\" type=\"text\" \/><\/div>\n<div class=\"tnp-field tnp-field-email\"><label>Email*:<\/label><input class=\"tnp-email\" name=\"ne\" required=\"\" type=\"email\" \/><\/div>\n<div class=\"tnp-field tnp-field-privacy checkboxdiv\"><label><input class=\"tnp-privacy\" name=\"ny\" required=\"\" type=\"checkbox\" \/> <a href=\"https:\/\/2025.chasaeditura.ch\/impressum-e-decleraziun-davart-la-protecziun-da-datas\/\">Datenschutzerkl\u00e4rung<\/a> akzeptieren<\/label><\/div>\n<div class=\"tnp-field tnp-field-button\"><input class=\"tnp-submit\" type=\"submit\" value=\"Abonnieren\" \/><\/div>\n<\/form>\n<\/div>\n<\/div>","protected":false},"excerpt":{"rendered":"<p>M\u00f6chten Sie gerne \u00fcber unsere neuen Publikationen auf dem Laufenden bleiben? Vorname Name*: Email*: Datenschutzerkl\u00e4rung akzeptieren<\/p>\n","protected":false},"author":1,"featured_media":0,"parent":0,"menu_order":35,"comment_status":"closed","ping_status":"closed","template":"","meta":{"_acf_changed":false,"inline_featured_image":false,"footnotes":""},"class_list":["post-7703","page","type-page","status-publish","hentry"],"acf":[],"_links":{"self":[{"href":"https:\/\/chasaeditura.ch\/de\/wp-json\/wp\/v2\/pages\/7703","targetHints":{"allow":["GET"]}}],"collection":[{"href":"https:\/\/chasaeditura.ch\/de\/wp-json\/wp\/v2\/pages"}],"about":[{"href":"https:\/\/chasaeditura.ch\/de\/wp-json\/wp\/v2\/types\/page"}],"author":[{"embeddable":true,"href":"https:\/\/chasaeditura.ch\/de\/wp-json\/wp\/v2\/users\/1"}],"replies":[{"embeddable":true,"href":"https:\/\/chasaeditura.ch\/de\/wp-json\/wp\/v2\/comments?post=7703"}],"version-history":[{"count":6,"href":"https:\/\/chasaeditura.ch\/de\/wp-json\/wp\/v2\/pages\/7703\/revisions"}],"predecessor-version":[{"id":9926,"href":"https:\/\/chasaeditura.ch\/de\/wp-json\/wp\/v2\/pages\/7703\/revisions\/9926"}],"wp:attachment":[{"href":"https:\/\/chasaeditura.ch\/de\/wp-json\/wp\/v2\/media?parent=7703"}],"curies":[{"name":"wp","href":"https:\/\/api.w.org\/{rel}","templated":true}]}}